{"id":449,"date":"2022-01-03T16:58:47","date_gmt":"2022-01-03T15:58:47","guid":{"rendered":"https:\/\/folgelandschaft.org\/?page_id=449"},"modified":"2022-05-21T12:18:52","modified_gmt":"2022-05-21T10:18:52","slug":"prototyp-e-leipzig","status":"publish","type":"page","link":"https:\/\/folgelandschaft.org\/en\/prototyp-e-leipzig\/","title":{"rendered":"Prototyp Leipzig: der erste St\u00f6rfall"},"content":{"rendered":"\n<figure class=\"wp-block-gallery alignright columns-1 is-cropped wp-block-gallery-1 is-layout-flex wp-block-gallery-is-layout-flex\"><ul class=\"blocks-gallery-grid\"><li class=\"blocks-gallery-item\"><figure><img loading=\"lazy\" decoding=\"async\" width=\"1000\" height=\"750\" src=\"http:\/\/folgelandschaft.org\/wordpress\/wp-content\/uploads\/2022\/01\/IMG_20211115_154826.jpg\" alt=\"\" data-id=\"452\" data-full-url=\"http:\/\/folgelandschaft.org\/wordpress\/wp-content\/uploads\/2022\/01\/IMG_20211115_154826.jpg\" data-link=\"https:\/\/folgelandschaft.org\/img_20211115_154826\/\" class=\"wp-image-452\" srcset=\"https:\/\/folgelandschaft.org\/wordpress\/wp-content\/uploads\/2022\/01\/IMG_20211115_154826.jpg 1000w, https:\/\/folgelandschaft.org\/wordpress\/wp-content\/uploads\/2022\/01\/IMG_20211115_154826-300x225.jpg 300w, https:\/\/folgelandschaft.org\/wordpress\/wp-content\/uploads\/2022\/01\/IMG_20211115_154826-768x576.jpg 768w, https:\/\/folgelandschaft.org\/wordpress\/wp-content\/uploads\/2022\/01\/IMG_20211115_154826-624x468.jpg 624w\" sizes=\"(max-width: 767px) 89vw, (max-width: 1000px) 54vw, (max-width: 1071px) 543px, 580px\" \/><\/figure><\/li><\/ul><\/figure>\n\n\n\n<p>Das Arbeitsstipendium der Stadt Leipzig versetzte mich im Herbst 2021in die Lage dem (vermutlich) ersten nuklearen Unfall der Welt auf die Spur zu gehen. Dieser war: in Leipzig!<\/p>\n\n\n\n<p>In meiner langj\u00e4hrigen Besch\u00e4ftigung war ich vor ein paar Jahren zuf\u00e4llig \u00fcber diese Begebenheit gestolpert; ein taz-Artikel war der einzige gut zug\u00e4ngliche Hinweis gewesen.<\/p>\n\n\n\n<p>Gl\u00fccklicherweise hatte aber das Deutsche Museum M\u00fcnchen die &#8220;Atomdokumente 1937 &#8211; 1946 (1956)&#8221;, Signatur FA 002 als Resource gesichert und der \u00d6ffentlichkeit zur Verf\u00fcgung gestellt. Darin findet sich vor allem eines der wenigen, nicht verloren gegangenen (oder absichtlich zerst\u00f6rten) Dokumente des deutschen Atomprogramms, namens &#8220;Uranverein&#8221;, \u00fcber eben jenen. Der Physikers Robert D\u00f6pel beschreibt, wie es am 23.6.1942 zu einem folgenschweren Unfall der &#8220;Uranmaschine&#8221; kommt in deren Folge ein Brand entsteht, der zwei Tage lang gel\u00f6scht werden muss, im \u00dcbrigen von der lokalen Feuerwehr, die ohne Vorwissen und demnach auch Vorbereitung und Schutz eingriff.<\/p>\n\n\n\n<p>Nach eingehender Lekt\u00fcre und Auswertung von Abbildungen und Kartenmaterial gelang es mir, den genauen Ort ausfindig zu machen:<\/p>\n\n\n\n<p><a href=\"https:\/\/susudata.de\/messtisch\/openstreetmap.html?lat=51.326824&amp;lng=12.391773&amp;opa=1&amp;zoom=17&amp;baselayer=Open%20Street%20Map&amp;overlays=tk25%2C&amp;marker=\" data-type=\"URL\" data-id=\"https:\/\/susudata.de\/messtisch\/openstreetmap.html?lat=51.326824&amp;lng=12.391773&amp;opa=1&amp;zoom=17&amp;baselayer=Open%20Street%20Map&amp;overlays=tk25%2C&amp;marker=\" target=\"_blank\" rel=\"noreferrer noopener\">https:\/\/susudata.de\/messtisch\/openstreetmap.html?lat=51.326824&amp;lng=12.391773&amp;opa=1&amp;zoom=17&amp;baselayer=Open%20Street%20Map&amp;overlays=tk25%2C&amp;marker=<\/a><\/p>\n\n\n\n<p>Da das Gel\u00e4nde im Krieg 1945 stark besch\u00e4digt wurde, wesentlich, weil die Allierten Kenntnis \u00fcber diese fr\u00fchen Atomwaffenversuche im Zentrum Leipzigs hatten, sind etliche Uni-Geb\u00e4ude der Linn\u00e9stra\u00dfe danach neu errichtet worden. Das eigentliche Havariegeb\u00e4ude in dem der Unfall stattgefunden hatte, war ein Nebengeb\u00e4ude gewesen, welches f\u00fcr Tieftemperaturexperimente errichtet worden war. Die Geb\u00e4ude Nr. 8 und 9 sind heute Raum f\u00fcr eine Kindertagesst\u00e4tte. Nr. 7 steht heute leer und befand sich 1942 in direkter Nachbarschaft des Laborgeb\u00e4udes.<\/p>\n\n\n\n<figure class=\"wp-block-gallery columns-3 is-cropped wp-block-gallery-2 is-layout-flex wp-block-gallery-is-layout-flex\"><ul class=\"blocks-gallery-grid\"><li class=\"blocks-gallery-item\"><figure><img loading=\"lazy\" decoding=\"async\" width=\"1000\" height=\"750\" src=\"https:\/\/folgelandschaft.org\/wordpress\/wp-content\/uploads\/2022\/01\/IMG_20211115_155032.jpg\" alt=\"\" data-id=\"464\" data-full-url=\"https:\/\/folgelandschaft.org\/wordpress\/wp-content\/uploads\/2022\/01\/IMG_20211115_155032.jpg\" data-link=\"https:\/\/folgelandschaft.org\/img_20211115_155032\/\" class=\"wp-image-464\" srcset=\"https:\/\/folgelandschaft.org\/wordpress\/wp-content\/uploads\/2022\/01\/IMG_20211115_155032.jpg 1000w, https:\/\/folgelandschaft.org\/wordpress\/wp-content\/uploads\/2022\/01\/IMG_20211115_155032-300x225.jpg 300w, https:\/\/folgelandschaft.org\/wordpress\/wp-content\/uploads\/2022\/01\/IMG_20211115_155032-768x576.jpg 768w, https:\/\/folgelandschaft.org\/wordpress\/wp-content\/uploads\/2022\/01\/IMG_20211115_155032-624x468.jpg 624w\" sizes=\"(max-width: 767px) 89vw, (max-width: 1000px) 54vw, (max-width: 1071px) 543px, 580px\" \/><\/figure><\/li><li class=\"blocks-gallery-item\"><figure><img loading=\"lazy\" decoding=\"async\" width=\"1000\" height=\"750\" src=\"https:\/\/folgelandschaft.org\/wordpress\/wp-content\/uploads\/2022\/01\/IMG_20211115_154236.jpg\" alt=\"\" data-id=\"468\" data-full-url=\"https:\/\/folgelandschaft.org\/wordpress\/wp-content\/uploads\/2022\/01\/IMG_20211115_154236.jpg\" data-link=\"https:\/\/folgelandschaft.org\/img_20211115_154236\/\" class=\"wp-image-468\" srcset=\"https:\/\/folgelandschaft.org\/wordpress\/wp-content\/uploads\/2022\/01\/IMG_20211115_154236.jpg 1000w, https:\/\/folgelandschaft.org\/wordpress\/wp-content\/uploads\/2022\/01\/IMG_20211115_154236-300x225.jpg 300w, https:\/\/folgelandschaft.org\/wordpress\/wp-content\/uploads\/2022\/01\/IMG_20211115_154236-768x576.jpg 768w, https:\/\/folgelandschaft.org\/wordpress\/wp-content\/uploads\/2022\/01\/IMG_20211115_154236-624x468.jpg 624w\" sizes=\"(max-width: 767px) 89vw, (max-width: 1000px) 54vw, (max-width: 1071px) 543px, 580px\" \/><\/figure><\/li><li class=\"blocks-gallery-item\"><figure><img loading=\"lazy\" decoding=\"async\" width=\"750\" height=\"1000\" src=\"https:\/\/folgelandschaft.org\/wordpress\/wp-content\/uploads\/2022\/01\/IMG_20211115_154525.jpg\" alt=\"\" data-id=\"467\" data-full-url=\"https:\/\/folgelandschaft.org\/wordpress\/wp-content\/uploads\/2022\/01\/IMG_20211115_154525.jpg\" data-link=\"https:\/\/folgelandschaft.org\/img_20211115_154525\/\" class=\"wp-image-467\" srcset=\"https:\/\/folgelandschaft.org\/wordpress\/wp-content\/uploads\/2022\/01\/IMG_20211115_154525.jpg 750w, https:\/\/folgelandschaft.org\/wordpress\/wp-content\/uploads\/2022\/01\/IMG_20211115_154525-225x300.jpg 225w, https:\/\/folgelandschaft.org\/wordpress\/wp-content\/uploads\/2022\/01\/IMG_20211115_154525-624x832.jpg 624w\" sizes=\"(max-width: 706px) 89vw, (max-width: 767px) 82vw, 740px\" \/><\/figure><\/li><li class=\"blocks-gallery-item\"><figure><img loading=\"lazy\" decoding=\"async\" width=\"1000\" height=\"750\" src=\"https:\/\/folgelandschaft.org\/wordpress\/wp-content\/uploads\/2022\/01\/IMG_20211115_154643.jpg\" alt=\"\" data-id=\"466\" data-full-url=\"https:\/\/folgelandschaft.org\/wordpress\/wp-content\/uploads\/2022\/01\/IMG_20211115_154643.jpg\" data-link=\"https:\/\/folgelandschaft.org\/img_20211115_154643\/\" class=\"wp-image-466\" srcset=\"https:\/\/folgelandschaft.org\/wordpress\/wp-content\/uploads\/2022\/01\/IMG_20211115_154643.jpg 1000w, https:\/\/folgelandschaft.org\/wordpress\/wp-content\/uploads\/2022\/01\/IMG_20211115_154643-300x225.jpg 300w, https:\/\/folgelandschaft.org\/wordpress\/wp-content\/uploads\/2022\/01\/IMG_20211115_154643-768x576.jpg 768w, https:\/\/folgelandschaft.org\/wordpress\/wp-content\/uploads\/2022\/01\/IMG_20211115_154643-624x468.jpg 624w\" sizes=\"(max-width: 767px) 89vw, (max-width: 1000px) 54vw, (max-width: 1071px) 543px, 580px\" \/><\/figure><\/li><\/ul><\/figure>\n\n\n\n<p>Dort weist nichts, aber auch gar nichts auf die historischen Ereignisse vor Ort hin &#8230; (Fortsetzung folgt).<\/p>\n","protected":false},"excerpt":{"rendered":"<p>Das Arbeitsstipendium der Stadt Leipzig versetzte mich im Herbst 2021in die Lage dem (vermutlich) ersten nuklearen Unfall der Welt auf die Spur zu gehen. Dieser war: in Leipzig! In meiner langj\u00e4hrigen Besch\u00e4ftigung war ich vor ein paar Jahren zuf\u00e4llig \u00fcber diese Begebenheit gestolpert; ein taz-Artikel war der einzige gut zug\u00e4ngliche Hinweis gewesen. Gl\u00fccklicherweise hatte aber &hellip; <\/p>\n<p class=\"link-more\"><a href=\"https:\/\/folgelandschaft.org\/en\/prototyp-e-leipzig\/\" class=\"more-link\">Continue reading<span class=\"screen-reader-text\"> &#8220;Prototyp Leipzig: der erste St\u00f6rfall&#8221;<\/span><\/a><\/p>\n","protected":false},"author":2,"featured_media":0,"parent":0,"menu_order":0,"comment_status":"closed","ping_status":"closed","template":"","meta":{"footnotes":""},"class_list":["post-449","page","type-page","status-publish","hentry"],"translation":{"provider":"WPGlobus","version":"3.0.0","language":"en","enabled_languages":["de","en"],"languages":{"de":{"title":true,"content":true,"excerpt":false},"en":{"title":false,"content":false,"excerpt":false}}},"jetpack_sharing_enabled":true,"_links":{"self":[{"href":"https:\/\/folgelandschaft.org\/en\/wp-json\/wp\/v2\/pages\/449"}],"collection":[{"href":"https:\/\/folgelandschaft.org\/en\/wp-json\/wp\/v2\/pages"}],"about":[{"href":"https:\/\/folgelandschaft.org\/en\/wp-json\/wp\/v2\/types\/page"}],"author":[{"embeddable":true,"href":"https:\/\/folgelandschaft.org\/en\/wp-json\/wp\/v2\/users\/2"}],"replies":[{"embeddable":true,"href":"https:\/\/folgelandschaft.org\/en\/wp-json\/wp\/v2\/comments?post=449"}],"version-history":[{"count":9,"href":"https:\/\/folgelandschaft.org\/en\/wp-json\/wp\/v2\/pages\/449\/revisions"}],"predecessor-version":[{"id":553,"href":"https:\/\/folgelandschaft.org\/en\/wp-json\/wp\/v2\/pages\/449\/revisions\/553"}],"wp:attachment":[{"href":"https:\/\/folgelandschaft.org\/en\/wp-json\/wp\/v2\/media?parent=449"}],"curies":[{"name":"wp","href":"https:\/\/api.w.org\/{rel}","templated":true}]}}